{"id":3786,"date":"2018-03-23T00:34:03","date_gmt":"2018-03-23T00:34:03","guid":{"rendered":"https:\/\/coccem.org.br\/2025\/?page_id=3786"},"modified":"2025-02-21T14:33:39","modified_gmt":"2025-02-21T14:33:39","slug":"alojamento","status":"publish","type":"page","link":"https:\/\/coccem.org.br\/2025\/alojamento\/","title":{"rendered":"Alojamento"},"content":{"rendered":"<h4 style=\"text-align: center;\"><strong>EDITAL PARA ALOJAMENTO ESTUDANTIL PARA O<\/strong><br \/><strong>9\u00ba CONGRESSO CARIOCA E CAPIXABA DE EDUCA\u00c7\u00c3O M\u00c9DICA | COCCEM<\/strong><\/h4>\n<hr \/>\n<p>\u00a0<\/p>\n<p><strong>1. CONSIDERA\u00c7\u00d5ES GERAIS<\/strong><\/p>\n<p><strong>1.1<\/strong>. O presente regulamento cont\u00e9m as normas das inscri\u00e7\u00f5es para o alojamento a ser oferecido durante o 9\u00ba Congresso Carioca e Capixaba de Educa\u00e7\u00e3o M\u00e9dica (9\u00ba COCCEM), bem como sobre as normas de funcionamento. O evento acontecer\u00e1 entre os dias 10 e 12 de abril de 2025 em Campos dos Goytacazes\/RJ. O alojamento estar\u00e1 localizado no Palace Hotel &#8211; Av. XV de Novembro, 143 &#8211; Centro, Campos dos Goytacazes &#8211; RJ, 28035-100.<\/p>\n<p><br \/><strong>\u2013 Data de entrada no alojamento: 10\/04\/2025 (a partir das 14h)<\/strong><br \/><strong>\u2013 Data de sa\u00edda do alojamento: 12\/04\/2025 (at\u00e9 \u00e0s 12h)<\/strong><\/p>\n<p><br \/><br \/><strong>2. DA INSCRI\u00c7\u00c3O<\/strong><\/p>\n<p><strong>2.1.<\/strong> Ser\u00e3o disponibilizadas <strong>25 (vinte e cinco)<\/strong> vagas de alojamento.<\/p>\n<p>2.1.1. Em continuidade \u00e0 pol\u00edtica de a\u00e7\u00f5es afirmativas da ABEM, a Comiss\u00e3o Organizadora do Cobem definiu que haver\u00e1 prioridade dessas vagas para os estudantes contemplados no edital de A\u00e7\u00f5es Afirmativas do 9\u00ba COCCEM.<\/p>\n<p>\u00a0<\/p>\n<p><strong>2.2.<\/strong> As vagas contemplam estudantes devidamente matriculados em Institui\u00e7\u00e3o de Ensino Superior (IES) autorizadas pelo Minist\u00e9rio da Educa\u00e7\u00e3o.<\/p>\n<p>\u00a0<\/p>\n<p><strong>2.3<\/strong>. Estudantes residentes da cidade do evento (Campos dos Goytacazes) n\u00e3o poder\u00e3o concorrer a este edital.<\/p>\n<p>\u00a0<\/p>\n<p><strong>2.4.<\/strong> O estudante que submeter a vaga de alojamento <strong>deve estar com a sua inscri\u00e7\u00e3o no congresso confirmada (paga\/isento).<\/strong><\/p>\n<p>\u00a0<\/p>\n<p><strong>2.5.<\/strong> O acad\u00eamico dever\u00e1 pagar o valor de R$ 50,00 (cinquenta reais) para sua inscri\u00e7\u00e3o ao alojamento. Somente ser\u00e1 confirmada a inscri\u00e7\u00e3o ap\u00f3s compensa\u00e7\u00e3o do pagamento da fatura gerada no ato da inscri\u00e7\u00e3o. A reserva \u00e9 feita por ordem de pagamento. Na ocorr\u00eancia do n\u00e3o pagamento, a reserva ser\u00e1 cancelada automaticamente.<\/p>\n<p>2.5.1. Em caso de n\u00e3o comparecimento ou cancelamento, o valor pago pela inscri\u00e7\u00e3o n\u00e3o ser\u00e1 devolvido. A inscri\u00e7\u00e3o \u00e9 intransfer\u00edvel, ou seja, n\u00e3o \u00e9 poss\u00edvel transferir a inscri\u00e7\u00e3o para outra pessoa.<\/p>\n<p>\u00a0<\/p>\n<p><strong>2.6.<\/strong> Para se inscrever no alojamento voc\u00ea deve estar logado no painel do congressista do 9\u00ba COCCEM e procurar o menu <strong>Programa\u00e7\u00e3o -&gt; Alojamento<\/strong> (procurar pelo evento alojamento).<\/p>\n<p>\u00a0<\/p>\n<p><strong>2.7.<\/strong> A inscri\u00e7\u00e3o no alojamento estar\u00e1 <strong>dispon\u00edvel para os estudantes contemplados pelas a\u00e7\u00f5es afirmativas a partir de 21\/02\/2025 e aos demais congressistas j\u00e1 inscritos no evento a partir de 27\/02\/2025.<\/strong><\/p>\n<p>\u00a0<\/p>\n<p><strong>2.8.<\/strong> A inscri\u00e7\u00e3o dos candidatos neste edital se encerrar\u00e1 no dia <strong>06\/03\/2025<\/strong> ou quando acabarem as vagas.<\/p>\n<p>\u00a0<\/p>\n<p><strong>2.9.<\/strong> N\u00e3o ser\u00e3o aceitas inscri\u00e7\u00f5es realizadas ou solicitadas por qualquer outro meio que n\u00e3o o especificado no Item 2.7.<\/p>\n<p>\u00a0<\/p>\n<p><strong>2.10.<\/strong> Em caso de desist\u00eancia, o discente deve informar a comiss\u00e3o organizadora do evento atrav\u00e9s do e-mail <strong>abemrjes@abem-educmed.org.br<\/strong>, para que a vaga possa ser disponibilizada para discentes em lista de espera.<\/p>\n<p><br \/><br \/><strong>3. DO CRONOGRAMA<\/strong><\/p>\n<p><strong>3.1.<\/strong> Os prazos se encerram \u00e0s 23:59 de cada dia, hor\u00e1rio de Bras\u00edlia (DF).<br \/><br \/><br \/><strong>\u2022<\/strong><span style=\"color: #ff0000;\"> 21\/02\/2025:<\/span> In\u00edcio das inscri\u00e7\u00f5es no alojamento (A\u00e7\u00f5es Afirmativas)<br \/><strong>\u2022 <\/strong><span style=\"color: #ff0000;\">27\/02\/2025:<\/span> In\u00edcio das inscri\u00e7\u00f5es no alojamento (Ampla Concorr\u00eancia)<br \/><strong>\u2022 <\/strong><span style=\"color: #ff0000;\">06\/03\/2025:<\/span> Fim do prazo de inscri\u00e7\u00e3o no alojamento<br \/>\u2022<span style=\"color: #ff0000;\"> 14\/03\/2025:<\/span> Divulga\u00e7\u00e3o dos estudantes contemplados<\/p>\n<p>\u00a0<\/p>\n<p><br \/><strong>4. SOBRE A MODALIDADE ALOJAMENTO<\/strong><\/p>\n<p><strong>4.1.<\/strong> A modalidade consiste em oferecer alojamento aos congressistas discentes interessados, a qual ser\u00e1 disponibilizado no <strong>Palace Hotel &#8211; Av. XV de Novembro, 143 &#8211; Centro, Campos dos Goytacazes &#8211; RJ, 28035-100<\/strong>, entre os dias 10 e 12 de abril de 2024.<\/p>\n<p>\u00a0<\/p>\n<p><strong>4.2.<\/strong> O alojamento ser\u00e1 composto por <strong>10 quartos triplos com banheiro.<\/strong><\/p>\n<p>\u00a0<\/p>\n<p><strong>4.3.<\/strong> A entrada no alojamento s\u00f3 ser\u00e1 permitida mediante apresenta\u00e7\u00e3o de dados que comprovem a identidade do estudante contemplado na recep\u00e7\u00e3o do hotel para check-in.<\/p>\n<p>\u00a0<\/p>\n<p><strong>5. DOS DIREITOS E DEVERES<\/strong><\/p>\n<p><strong>5.1.<\/strong> O alojamento \u00e9 exclusivo aos congressistas discentes inscritos do 9\u00ba COCCEM.<\/p>\n<p>\u00a0<\/p>\n<p><strong>5.2.<\/strong> Dos deveres dos usu\u00e1rios do alojamento:<\/p>\n<p>5.2.1. Assinar o termo\/contrato com o hotel na chegada;<\/p>\n<p>5.2.2. Levar medicamentos de uso pessoal, se utilizados, responsabilizando-se por seu armazenamento e por sua utiliza\u00e7\u00e3o.<\/p>\n<p>5.2.3. Respeitar as regras institu\u00eddas pelo hotel de alojamento.<\/p>\n<p>\u00a0<\/p>\n<p><strong>5.3.<\/strong> Dos direitos dos usu\u00e1rios do alojamento:<\/p>\n<p>5.3.1. Usufruir da vaga que lhe foi destinada, salvaguardando e garantindo a integridade da \u00e1rea ocupada, assim como dos bens patrimoniais que a guarnecem;<\/p>\n<p>\u00a0<\/p>\n<p><strong>5.4.<\/strong> A Comiss\u00e3o Organizadora n\u00e3o assume qualquer responsabilidade pelos pertences e objetos de valor deixados ou perdidos no hotel de alojamento.<\/p>\n<p><br \/><br \/><strong>6. DAS PROIBI\u00c7\u00d5ES<\/strong><\/p>\n<p><strong>6.1.<\/strong> \u00c9 terminantemente proibido aos beneficiados com a concess\u00e3o de vaga no alojamento:<\/p>\n<p>6.1.1. A\u00e7\u00f5es de discrimina\u00e7\u00e3o de qualquer natureza; racismo; lgbtqiapn+fobia; machismo; capacitismo; xenofobia e quaisquer outras formas de preconceito e intoler\u00e2ncia.<br \/>6.1.2. Manter armas de fogo em qualquer depend\u00eancia do alojamento.<br \/>6.1.3. Levar ou manter animais no alojamento.<br \/>6.1.4. Permitir ou facilitar a entrada de pessoas estranhas, sem estarem devidamente identificadas e autorizadas.<br \/>6.1.5. Retirar bens patrimoniais que guarnecem o local em que estiverem ocupando vaga no alojamento.<br \/>6.1.6. Manter ou utilizar subst\u00e2ncias t\u00f3xicas, explosivas ou inflam\u00e1veis em qualquer \u00e1rea do alojamento;<br \/>6.1.7. Depositar lixo fora dos locais espec\u00edficos para esta finalidade;<br \/>6.1.8. Perturbar o bom funcionamento do alojamento;<\/p>\n<p>\u00a0<\/p>\n<p><strong><br \/>7. DOS CRIT\u00c9RIOS DE SELE\u00c7\u00c3O<\/strong><\/p>\n<p><strong>7.1.<\/strong> As vagas ser\u00e3o reservadas prioritariamente para os palestrantes discentes e para aqueles aprovados no edital de a\u00e7\u00f5es afirmativas, por ordem de inscri\u00e7\u00e3o;<\/p>\n<p>\u00a0<\/p>\n<p><strong>7.2.<\/strong> Se houver excedente, as vagas ser\u00e3o disponibilizadas para demais discentes inscritos;<\/p>\n<p>\u00a0<\/p>\n<p><strong><br \/>8. DAS DISPOSI\u00c7\u00d5ES FINAIS<\/strong><\/p>\n<p><strong>8.1.<\/strong> A inscri\u00e7\u00e3o neste edital denota a concord\u00e2ncia esclarecida com o compromisso de indeniza\u00e7\u00e3o, por parte do alojado envolvido, por qualquer dano.<\/p>\n<p>\u00a0<\/p>\n<p><strong>8.2.<\/strong> A Comiss\u00e3o Organizadora reserva-se o direito de cancelar, interromper, suspender ou adiar este edital no todo ou em parte, em caso fortuito ou de for\u00e7a maior.<\/p>\n<p>\u00a0<\/p>\n<p><strong>8.3.<\/strong> A ABEM n\u00e3o se responsabiliza por pertences deixados no local, perdidos ou extraviados, devendo cada um dos estudantes alojados supervisionar e zelar por seus pertences e os dos demais.<\/p>\n<p>\u00a0<\/p>\n<p><strong>8.4.<\/strong> Os casos omissos ser\u00e3o resolvidos pela comiss\u00e3o organizadora do 9\u00baCOCCEM.<\/p>\n<p>\u00a0<\/p>\n<p><strong>8.5.<\/strong> A Comiss\u00e3o Organizadora \u00e9 soberana nas suas decis\u00f5es, inexistindo a possibilidade de qualquer esp\u00e9cie de recurso ap\u00f3s delibera\u00e7\u00e3o.<\/p>\n<hr \/>\n<p style=\"text-align: left;\">\u00a0<\/p>\n\n\n<p><\/p>\n","protected":false},"excerpt":{"rendered":"EDITAL PARA ALOJAMENTO ESTUDANTIL PARA O9\u00ba CONGRESSO CARIOCA E CAPIXABA DE EDUCA\u00c7\u00c3O M\u00c9DICA | COCCEM \u00a0 1. CONSIDERA\u00c7\u00d5ES GERAIS 1.1. O presente regulamento cont\u00e9m as normas das inscri\u00e7\u00f5es para o alojamento a ser oferecido durante o 9\u00ba Congresso Carioca e Capixaba de Educa\u00e7\u00e3o M\u00e9dica (9\u00ba COCCEM), bem como sobre as normas de funcionamento. O evento&#8230; <a class=\"view-article\" href=\"https:\/\/coccem.org.br\/2025\/alojamento\/\">Ver artigo<\/a>","protected":false},"author":2,"featured_media":3568,"parent":0,"menu_order":8,"comment_status":"closed","ping_status":"closed","template":"template_institutional.php","meta":{"_acf_changed":false,"footnotes":""},"class_list":["post-3786","page","type-page","status-publish","has-post-thumbnail","hentry"],"acf":[],"_links":{"self":[{"href":"https:\/\/coccem.org.br\/2025\/wp-json\/wp\/v2\/pages\/3786","targetHints":{"allow":["GET"]}}],"collection":[{"href":"https:\/\/coccem.org.br\/2025\/wp-json\/wp\/v2\/pages"}],"about":[{"href":"https:\/\/coccem.org.br\/2025\/wp-json\/wp\/v2\/types\/page"}],"author":[{"embeddable":true,"href":"https:\/\/coccem.org.br\/2025\/wp-json\/wp\/v2\/users\/2"}],"replies":[{"embeddable":true,"href":"https:\/\/coccem.org.br\/2025\/wp-json\/wp\/v2\/comments?post=3786"}],"version-history":[{"count":10,"href":"https:\/\/coccem.org.br\/2025\/wp-json\/wp\/v2\/pages\/3786\/revisions"}],"predecessor-version":[{"id":3801,"href":"https:\/\/coccem.org.br\/2025\/wp-json\/wp\/v2\/pages\/3786\/revisions\/3801"}],"wp:featuredmedia":[{"embeddable":true,"href":"https:\/\/coccem.org.br\/2025\/wp-json\/wp\/v2\/media\/3568"}],"wp:attachment":[{"href":"https:\/\/coccem.org.br\/2025\/wp-json\/wp\/v2\/media?parent=3786"}],"curies":[{"name":"wp","href":"https:\/\/api.w.org\/{rel}","templated":true}]}}