{"id":3651,"date":"2018-03-23T00:34:03","date_gmt":"2018-03-23T00:34:03","guid":{"rendered":"https:\/\/coccem.org.br\/2025\/?page_id=3651"},"modified":"2025-02-13T19:30:53","modified_gmt":"2025-02-13T19:30:53","slug":"acoes-afirmativas","status":"publish","type":"page","link":"https:\/\/coccem.org.br\/2025\/acoes-afirmativas\/","title":{"rendered":"A\u00e7\u00f5es Afirmativas"},"content":{"rendered":"<h4 style=\"text-align: center;\"><strong>RESULTADO | A\u00c7\u00d5ES AFIRMATIVAS<\/strong><\/h4>\n<p style=\"text-align: center;\">Clique no bot\u00e3o abaixo para acessar o resultado das inscri\u00e7\u00f5es para as a\u00e7\u00f5es afirmativas do<br \/>9\u00ba Congresso Carioca e Capixaba de Educa\u00e7\u00e3o M\u00e9dica | 9\u00ba COCCEM<\/p>\n<p>\u00a0<\/p>\n<h4 style=\"text-align: center;\"><a href=\"https:\/\/coccem.org.br\/2025\/wp-content\/uploads\/2025\/02\/Resultado_Acoes_Afirmativas_-9COCCEM.pdf\" target=\"_blank\" rel=\"noopener\"><img loading=\"lazy\" decoding=\"async\" class=\"aligncenter wp-image-3780\" src=\"https:\/\/coccem.org.br\/2025\/wp-content\/uploads\/2025\/02\/Btn_resultado.png\" alt=\"\" width=\"250\" height=\"41\" \/><\/a><\/h4>\n<p>\u00a0<\/p>\n<hr \/>\n<h4 style=\"text-align: center;\"><strong>EDITAL PARA A PROPOSI\u00c7\u00c3O DE A\u00c7\u00d5ES AFIRMATIVAS PARA INSCRI\u00c7\u00d5ES NO <br \/>9\u00ba CONGRESSO CARIOCA E CAPIXABA DE EDUCA\u00c7\u00c3O M\u00c9DICA | 9\u00ba COCCEM<\/strong><\/h4>\n<hr \/>\n<p><strong>1. DO EVENTO<br \/>1.1.<\/strong> As regras a seguir dizem respeito a a\u00e7\u00f5es afirmativas para inscri\u00e7\u00f5es no 9\u00ba Congresso Carioca e Capixaba de Educa\u00e7\u00e3o M\u00e9dica, que ocorrer\u00e1 nos dias <strong>10\/04\/2025 a 12\/04\/2025<\/strong>, no formato presencial, em Campos dos Goytacazes\/RJ.<\/p>\n<p><strong><br \/>1.2.<\/strong> A realiza\u00e7\u00e3o do edital de a\u00e7\u00f5es afirmativas tem por objetivo criar oportunidade para que estudantes se inscrevam com isen\u00e7\u00e3o de taxa de inscri\u00e7\u00e3o no COCCEM. Diante das desigualdades e opress\u00f5es que historicamente organizaram nossa sociedade, o edital buscar\u00e1 ter no horizonte o combate a essas quest\u00f5es estruturantes na distribui\u00e7\u00e3o destas vagas, objetivando um congresso mais representativo e plural.<\/p>\n<p><strong><br \/>2. DAS VAGAS<br \/>2.1.<\/strong> Ser\u00e3o disponibilizadas <strong>31 vagas<\/strong> exclusivamente para estudantes da Regional Rio de Janeiro e Esp\u00edrito Santo da ABEM;<\/p>\n<p><strong><br \/>2.2.<\/strong> As vagas contemplam estudantes de medicina devidamente matriculados em Institui\u00e7\u00e3o de Ensino Superior (IES) autorizadas pelo Minist\u00e9rio da Educa\u00e7\u00e3o.<\/p>\n<p><strong><br \/>2.3.<\/strong> O estudante contemplado com uma das vagas deste edital ter\u00e1 sua inscri\u00e7\u00e3o realizada no 9\u00ba COCCEM com <strong>isen\u00e7\u00e3o da taxa de inscri\u00e7\u00e3o.<\/strong><\/p>\n<p><strong><br \/>3. DA INSCRI\u00c7\u00c3O<br \/>3.1.<\/strong> O candidato dever\u00e1 se inscrever no Edital atrav\u00e9s do preenchimento do link: <span style=\"color: #3366ff;\"><a style=\"color: #3366ff;\" href=\"https:\/\/forms.gle\/kg3VSVPpxqgdJbnw8\" target=\"_blank\" rel=\"noopener\"><strong>https:\/\/forms.gle\/kg3VSVPpxqgdJbnw8<\/strong><\/a><\/span><\/p>\n<p><strong><br \/>3.2.<\/strong> N\u00e3o ser\u00e3o aceitas inscri\u00e7\u00f5es realizadas ou solicitadas por qualquer outro meio que n\u00e3o o especificado no Item 3.1.<\/p>\n<p><strong><br \/>3.3.<\/strong> A inscri\u00e7\u00e3o dos candidatos neste edital se encerrar\u00e1 em <span style=\"color: #ff0000;\"><strong>06\/02\/2025<\/strong><\/span> \u00e0s 23:59h (hor\u00e1rio de Bras\u00edlia).<\/p>\n<p><strong><br \/>3.4.<\/strong> O Edital contemplar\u00e1 apenas candidatos que ainda <strong>n\u00e3o tenham efetivado o pagamento de sua inscri\u00e7\u00e3o no COCCEM at\u00e9 o momento da apura\u00e7\u00e3o dos resultados deste edital.<\/strong><\/p>\n<p><strong><br \/>3.5.<\/strong> Os candidatos que se inscreverem no Edital e j\u00e1 tiverem efetuado o pagamento de suas inscri\u00e7\u00f5es ser\u00e3o desclassificados, haja visto n\u00e3o estar previsto reembolso do valor de inscri\u00e7\u00e3o.<\/p>\n<p><strong><br \/>4. DA SELE\u00c7\u00c3O<br \/>4.1.<\/strong> A sele\u00e7\u00e3o para as vagas de inscri\u00e7\u00f5es no 9\u00ba COCCEM pelo edital de a\u00e7\u00f5es afirmativas se dar\u00e1 atrav\u00e9s de grupos. O <strong>GRUPO ASSIST\u00caNCIA ESTUDANTIL<\/strong> ter\u00e1 prioridade sobre o <strong>GRUPO AMPLA CONCORR\u00caNCIA<\/strong>; Os GRUPOS A1, A2, A3 e A4 ter\u00e3o prioridade sobre os grupos B1, B2, B3 e B4.<\/p>\n<p><strong><br \/>4.2.<\/strong> Cada candidato dever\u00e1 definir o grupo de acordo com o Item 4.4. Caso identificado irregularidade na sele\u00e7\u00e3o do grupo, o candidato ser\u00e1 remanejado para o grupo correto.<\/p>\n<p><strong><br \/>4.3.<\/strong> Os grupos para sele\u00e7\u00e3o s\u00e3o:<\/p>\n<p><strong><br \/>GRUPO ASSIST\u00caNCIA ESTUDANTIL<br \/><\/strong>&#8211; Estudantes que tenham ingressado na IES por cota; <strong>OU<\/strong> <br \/>&#8211; Estudantes que tenham ingressado na IES com bolsa integral pelo ProUni, FIES, pelo Programa Mais M\u00e9dicos ou Programa de Bolsas Institucionais; <strong>OU<\/strong><br \/>&#8211; Estudantes que tenham ingressado por demais modalidades e\/ou processos seletivos especiais que n\u00e3o tenham sido descritos nesse edital, como: Ind\u00edgenas aldeados, Moradores das Comunidades Remanescentes dos Quilombos, Pessoas Trans (transexuais, transg\u00eaneros e travestis), Ciganos, Imigrantes ou Refugiados em situa\u00e7\u00e3o de vulnerabilidade com renda familiar bruta per capita igual ou inferior a um sal\u00e1rio m\u00ednimo e que tenham cursado integralmente o ensino m\u00e9dio em escola p\u00fablica (ou o equivalente em outro pa\u00eds).<\/p>\n<p><strong><br \/>GRUPO A1<\/strong> \u2013 Candidatos com <strong>renda familiar bruta per capita igual ou inferior a um sal\u00e1rio m\u00ednimo<\/strong>, que tenham cursado integralmente o Ensino M\u00e9dio em escolas p\u00fablicas.<\/p>\n<p><strong><br \/>GRUPO A2<\/strong> \u2013 Candidatos autodeclarados pretos, pardos, quilombolas ou ind\u00edgenas, com <strong>renda familiar bruta per capita igual ou inferior a um sal\u00e1rio m\u00ednimo<\/strong> e que tenham cursado integralmente o ensino m\u00e9dio em escola p\u00fablica.<\/p>\n<p><strong><br \/>GRUPO A3<\/strong> \u2013 Candidatos com defici\u00eancia que tenham r<strong>enda familiar bruta per capita igual ou inferior a um sal\u00e1rio m\u00ednimo<\/strong>, que tenham cursado integralmente o ensino m\u00e9dio em escolas p\u00fablicas.<\/p>\n<p><strong><br \/>GRUPO A4<\/strong> \u2013 Candidatos com defici\u00eancia autodeclarados pretos, pardos, quilombolas ou ind\u00edgenas, com <strong>renda familiar bruta per capita igual ou inferior a um sal\u00e1rio m\u00ednimo<\/strong> e que tenham cursado integralmente o ensino m\u00e9dio em escola p\u00fablica.<\/p>\n<p><strong><br \/>GRUPO B1<\/strong> \u2013 Candidatos que, <strong>independente da renda<\/strong>, tenham cursado integralmente o ensino m\u00e9dio em escolas p\u00fablicas.<\/p>\n<p><strong><br \/>GRUPO B2<\/strong> \u2013 Candidatos autodeclarados pretos, pardos, quilombolas ou ind\u00edgenas que, <strong>independente da renda<\/strong>, tenham cursado integralmente o ensino m\u00e9dio em escolas p\u00fablicas.<\/p>\n<p><strong><br \/>GRUPO B3<\/strong> \u2013 Candidatos com defici\u00eancia que, <strong>independente da renda<\/strong>, tenham cursado integralmente o ensino m\u00e9dio em escolas p\u00fablicas.<\/p>\n<p><strong><br \/>GRUPO B4<\/strong> \u2013 Candidatos com defici\u00eancia autodeclarados pretos, pardos, quilombolas ou ind\u00edgenas que, <strong>independente da renda<\/strong>, tenham cursado integralmente o ensino m\u00e9dio em escolas p\u00fablicas.<\/p>\n<p><strong><br \/>GRUPO AMPLA CONCORR\u00caNCIA<br \/><\/strong>&#8211; Estudantes que tenham ingressado na IES em ampla concorr\u00eancia em IES p\u00fablicas e\/ou em IES privadas sem programas de financiamento ou bolsas.<\/p>\n<p><strong><br \/>5. DA COMPROVA\u00c7\u00c3O DAS INFORMA\u00c7\u00d5ES<br \/>5.1.<\/strong> Para comprova\u00e7\u00e3o das informa\u00e7\u00f5es declaradas ser\u00e3o necess\u00e1rios documentos espec\u00edficos para cada crit\u00e9rio.<\/p>\n<p><strong><br \/>5.2.<\/strong> Dever\u00e1 ser anexada ao formul\u00e1rio descrito no Item 3.1 <strong>documento de Identidade com foto e comprovante de matr\u00edcula na IES no per\u00edodo vigente.<\/strong><\/p>\n<p><strong><br \/>5.3.<\/strong> Dever\u00e1 ser anexado ao formul\u00e1rio descrito no Item 3.1 documento que comprove a modalidade de ingresso na IES de acordo com o Item 4.3.<\/p>\n<p><strong>5.3.1.<\/strong> Ser\u00e3o aceitos como comprovantes os seguintes documentos: declara\u00e7\u00f5es de matr\u00edcula, lista de aprova\u00e7\u00e3o do vestibular, hist\u00f3rico escolar, declara\u00e7\u00e3o da IES desde que a modalidade esteja explicitada. Para IES privadas, aceitaremos comprovante de pagamento de mensalidade para comprovar ampla concorr\u00eancia. Lista de bolsa ou declara\u00e7\u00e3o da IES para contemplados por bolsa. Para ProUni, o termo de compromisso que todo candidato assina. Para bolsistas pelo Mais M\u00e9dicos, o contrato, print do portal, resultado do processo seletivo ou declara\u00e7\u00e3o da IES. Para FIES, DRI, processo seletivo ou declara\u00e7\u00e3o da IES.<\/p>\n<p><strong><br \/>5.4.<\/strong> O candidato ao se inscrever no edital declara que todas as informa\u00e7\u00f5es que enviou s\u00e3o verdadeiras e, por isso, pass\u00edveis de san\u00e7\u00f5es legais em caso de irregularidades.<\/p>\n<p><strong><br \/>5.5.<\/strong> O n\u00e3o envio dos documentos obrigat\u00f3rios do item 5.3 implica em desclassifica\u00e7\u00e3o do processo.<\/p>\n<p><strong><br \/>5.6.<\/strong> Os dados informados pelos proponentes ser\u00e3o protegidos pela ABEM em conformidade com a vigente Lei Geral de Prote\u00e7\u00e3o de Dados Pessoais \u2013 LGPD (Lei n\u00ba 13.709 de 14\/08\/2018), nos termos da sua Pol\u00edtica de Privacidade e Prote\u00e7\u00e3o de Dados Pessoais.<\/p>\n<p><strong><br \/>6. DA CLASSIFICA\u00c7\u00c3O<br \/>6.1.<\/strong> Ser\u00e3o classificados tantos candidatos quanto as vagas dispon\u00edveis.<\/p>\n<p><strong><br \/>6.2.<\/strong> A pontua\u00e7\u00e3o se dar\u00e1 da seguinte forma: ser associado adimplente da ABEM (5 pontos), estudar em IES do interior, mesmo regi\u00e3o metropolitana (4 pontos), estar no 5\u2070 ou 6\u2070 ano do curso de medicina (3 pontos), 3\u2070 ou 4\u2070 ano (2 pontos) e 1\u2070 ou 2\u2070 ano (1 ponto). Os crit\u00e9rios de desempate respeitar\u00e3o a seguinte ordem: associado da ABEM, IES do interior e per\u00edodo mais avan\u00e7ado no curso.<\/p>\n<p><strong><br \/>6.3.<\/strong> O resultado deste Edital ser\u00e1 divulgado at\u00e9 <span style=\"color: #ff0000;\"><strong>13\/02\/2025<\/strong>.<\/span><\/p>\n<p><strong><br \/>6.4.<\/strong> N\u00e3o ser\u00e1 divulgado o nome completo de qualquer candidato nas m\u00eddias da ABEM.<\/p>\n<p><strong><br \/>6.5.<\/strong> A lista de classifica\u00e7\u00e3o ser\u00e1 identificada por iniciais do nome do candidato e data de nascimento e divulgada no site do 9\u00ba COCCEM.<\/p>\n<p><strong><br \/>7. DO CRONOGRAMA<br \/><\/strong>Os prazos se encerram \u00e0s 23:59 de cada dia, hor\u00e1rio de Bras\u00edlia (DF).<\/p>\n<p>\u2013 IN\u00cdCIO DO PRAZO PARA INSCRI\u00c7\u00c3O: <span style=\"color: #ff0000;\"><strong>21\/01\/2025<\/strong><\/span><br \/>\u2013 FIM DO PRAZO PARA INSCRI\u00c7\u00c3O: <span style=\"color: #ff0000;\"><strong>06\/02\/2025<\/strong><\/span><br \/>\u2013 DIVULGA\u00c7\u00c3O DO RESULTADO DO EDITAL: <span style=\"color: #ff0000;\"><strong>13\/02\/2025<\/strong><\/span><\/p>\n<p><strong><br \/>8. DISPOSI\u00c7\u00d5ES FINAIS<br \/>8.1.<\/strong> Os estudantes inscritos na pol\u00edtica de a\u00e7\u00f5es afirmativas e n\u00e3o contemplados neste edital, caso desejem participar do 9\u00ba COCCEM pagar\u00e3o o valor de inscri\u00e7\u00e3o correspondente ao lote vigente no momento da sua inscri\u00e7\u00e3o.<\/p>\n<p><strong><br \/>8.2.<\/strong> A Comiss\u00e3o Organizadora reserva-se o direito de cancelar, interromper, suspender ou adiar este edital no todo ou em parte, em caso fortuito ou de for\u00e7a maior.<\/p>\n<p><strong><br \/>8.3.<\/strong> Os candidatos reconhecem e declaram, assumindo todas as responsabilidades legais, de forma irrevog\u00e1vel e irretrat\u00e1vel, que todas as informa\u00e7\u00f5es fornecidas s\u00e3o verdadeiras e correspondem \u00e0 realidade.<\/p>\n<p><strong><br \/>8.4.<\/strong> A Comiss\u00e3o Organizadora \u00e9 incontestavelmente soberana nas suas decis\u00f5es, inexistindo a possibilidade de recursos ou manifesta\u00e7\u00f5es de qualquer esp\u00e9cie neste Congresso.<\/p>\n<p><strong><br \/>8.5.<\/strong> A Comiss\u00e3o Organizadora se reserva ao direito de avaliar pontualmente casos extraordin\u00e1rios que n\u00e3o tenham sido descritos nesse edital.<\/p>\n<p><strong><br \/>8.6.<\/strong> A inscri\u00e7\u00e3o neste edital, desde que cumprindo as condi\u00e7\u00f5es aqui apresentadas, j\u00e1 caracteriza a aceita\u00e7\u00e3o irrestrita a todas as regras previstas.<\/p>\n<hr \/>\n<p style=\"text-align: left;\">\u00a0<\/p>\n\n\n<p><\/p>\n","protected":false},"excerpt":{"rendered":"RESULTADO | A\u00c7\u00d5ES AFIRMATIVAS Clique no bot\u00e3o abaixo para acessar o resultado das inscri\u00e7\u00f5es para as a\u00e7\u00f5es afirmativas do9\u00ba Congresso Carioca e Capixaba de Educa\u00e7\u00e3o M\u00e9dica | 9\u00ba COCCEM \u00a0 \u00a0 EDITAL PARA A PROPOSI\u00c7\u00c3O DE A\u00c7\u00d5ES AFIRMATIVAS PARA INSCRI\u00c7\u00d5ES NO 9\u00ba CONGRESSO CARIOCA E CAPIXABA DE EDUCA\u00c7\u00c3O M\u00c9DICA | 9\u00ba COCCEM 1. DO EVENTO1.1&#8230;. <a class=\"view-article\" href=\"https:\/\/coccem.org.br\/2025\/acoes-afirmativas\/\">Ver artigo<\/a>","protected":false},"author":2,"featured_media":3568,"parent":0,"menu_order":8,"comment_status":"closed","ping_status":"closed","template":"template_institutional.php","meta":{"_acf_changed":false,"footnotes":""},"class_list":["post-3651","page","type-page","status-publish","has-post-thumbnail","hentry"],"acf":[],"_links":{"self":[{"href":"https:\/\/coccem.org.br\/2025\/wp-json\/wp\/v2\/pages\/3651","targetHints":{"allow":["GET"]}}],"collection":[{"href":"https:\/\/coccem.org.br\/2025\/wp-json\/wp\/v2\/pages"}],"about":[{"href":"https:\/\/coccem.org.br\/2025\/wp-json\/wp\/v2\/types\/page"}],"author":[{"embeddable":true,"href":"https:\/\/coccem.org.br\/2025\/wp-json\/wp\/v2\/users\/2"}],"replies":[{"embeddable":true,"href":"https:\/\/coccem.org.br\/2025\/wp-json\/wp\/v2\/comments?post=3651"}],"version-history":[{"count":10,"href":"https:\/\/coccem.org.br\/2025\/wp-json\/wp\/v2\/pages\/3651\/revisions"}],"predecessor-version":[{"id":3785,"href":"https:\/\/coccem.org.br\/2025\/wp-json\/wp\/v2\/pages\/3651\/revisions\/3785"}],"wp:featuredmedia":[{"embeddable":true,"href":"https:\/\/coccem.org.br\/2025\/wp-json\/wp\/v2\/media\/3568"}],"wp:attachment":[{"href":"https:\/\/coccem.org.br\/2025\/wp-json\/wp\/v2\/media?parent=3651"}],"curies":[{"name":"wp","href":"https:\/\/api.w.org\/{rel}","templated":true}]}}