{"id":157,"date":"2016-04-15T04:30:38","date_gmt":"2016-04-15T04:30:38","guid":{"rendered":"http:\/\/cobem.com.br\/2016\/?page_id=157"},"modified":"2025-04-09T09:54:27","modified_gmt":"2025-04-09T09:54:27","slug":"organizacao","status":"publish","type":"page","link":"https:\/\/coccem.org.br\/2025\/o-congresso\/organizacao\/","title":{"rendered":"Organiza\u00e7\u00e3o"},"content":{"rendered":"<h4><span style=\"color: #000000;\">COMISS\u00c3O ORGANIZADORA<\/span><\/h4>\n<hr \/>\n<p><strong>Diretora da Regional<\/strong><br \/>\u2013 A\u00edda Regina Monteiro de Assun\u00e7\u00e3o<\/p>\n<p><strong><br \/>Presidente Educadora:<\/strong><br \/>\u2013 Eliane Cristina Casimiro Alves Dias<\/p>\n<p><strong><br \/>Presidente Educanda:<\/strong><br \/>\u2013 Brenda Vieira Pinheiro<\/p>\n<p><strong><br \/>Comiss\u00e3o de Infraestrutura e Comunica\u00e7\u00e3o<\/strong><br \/>\u2013 Paulo Roberto Alves de Pinho<br \/>\u2013 Silvio Pessanha Neto<br \/>\u2013 Ramila Cristina Lopes Tostes<br \/>\u2013 Clarissa de Oliveira Soares Peixoto<br \/>\u2013 Leonardo Davi Crespo Santana<br \/>\u2013 Edilbert Pellegrini Nahn Junior<br \/>\u2013 Andrea Ribeiro Soares<\/p>\n<p>\u00a0<\/p>\n<p><strong>Comiss\u00e3o Cient\u00edfica e de Trabalhos<\/strong><br \/>\u2013 Lia M\u00e1rcia Cruz da Silveira<br \/>\u2013 Andr\u00e9 Ferreira de Abreu J\u00fanior<br \/>\u2013 Gabriel Henriques Amorim<br \/>\u2013 Carolina Frizzera Dias<br \/>\u2013 Carla Larissa Cunha Sottomaior<br \/>\u2013 Mariana Bteshe<br \/>\u2013 J\u00falio C\u00e9sar Soares Arag\u00e3o<br \/>\u2013 Thais Louvain de Souza<br \/>\u2013 Luciana Branco da Motta<br \/>\u2013 Odila Maria Ferreira de Carvalho Mansur<br \/>\u2013 Rafael Augusto Dantas Prinz<br \/>\u2013 Claudia Martins de Vasconcellos Mid\u00e3o<br \/>\u2013 Anna Tereza Miranda Soares de Moura<\/p>\n<p>\u00a0<\/p>\n<p><strong>Comiss\u00e3o de Arte e Cultura<\/strong><br \/>\u2013 Dalila Fassarella Corr\u00eaa<br \/>\u2013 Luiz Clovis Parente Soares<br \/>\u2013 Ana Cl\u00e1udia Santos Chazan<br \/>\u2013 Gilson Gomes da Silva Lino<br \/>\u2013 Telma L\u00facia Lisboa Oliveira de Pinho<\/p>\n<p>\u00a0<\/p>\n<p><strong>Apoio:<\/strong><br \/>\u2013 Rozane Landskron<br \/>\u2013 Cristiane Ruiz<br \/>\u2013 Luis Fernando Corr\u00eaa Cartezani<\/p>\n\n\n<p><\/p>\n","protected":false},"excerpt":{"rendered":"COMISS\u00c3O ORGANIZADORA Diretora da Regional\u2013 A\u00edda Regina Monteiro de Assun\u00e7\u00e3o Presidente Educadora:\u2013 Eliane Cristina Casimiro Alves Dias Presidente Educanda:\u2013 Brenda Vieira Pinheiro Comiss\u00e3o de Infraestrutura e Comunica\u00e7\u00e3o\u2013 Paulo Roberto Alves de Pinho\u2013 Silvio Pessanha Neto\u2013 Ramila Cristina Lopes Tostes\u2013 Clarissa de Oliveira Soares Peixoto\u2013 Leonardo Davi Crespo Santana\u2013 Edilbert Pellegrini Nahn Junior\u2013 Andrea Ribeiro Soares&#8230; <a class=\"view-article\" href=\"https:\/\/coccem.org.br\/2025\/o-congresso\/organizacao\/\">Ver artigo<\/a>","protected":false},"author":2,"featured_media":3568,"parent":23,"menu_order":2,"comment_status":"closed","ping_status":"closed","template":"template_institutional.php","meta":{"_acf_changed":false,"footnotes":""},"class_list":["post-157","page","type-page","status-publish","has-post-thumbnail","hentry"],"acf":[],"_links":{"self":[{"href":"https:\/\/coccem.org.br\/2025\/wp-json\/wp\/v2\/pages\/157","targetHints":{"allow":["GET"]}}],"collection":[{"href":"https:\/\/coccem.org.br\/2025\/wp-json\/wp\/v2\/pages"}],"about":[{"href":"https:\/\/coccem.org.br\/2025\/wp-json\/wp\/v2\/types\/page"}],"author":[{"embeddable":true,"href":"https:\/\/coccem.org.br\/2025\/wp-json\/wp\/v2\/users\/2"}],"replies":[{"embeddable":true,"href":"https:\/\/coccem.org.br\/2025\/wp-json\/wp\/v2\/comments?post=157"}],"version-history":[{"count":9,"href":"https:\/\/coccem.org.br\/2025\/wp-json\/wp\/v2\/pages\/157\/revisions"}],"predecessor-version":[{"id":3873,"href":"https:\/\/coccem.org.br\/2025\/wp-json\/wp\/v2\/pages\/157\/revisions\/3873"}],"up":[{"embeddable":true,"href":"https:\/\/coccem.org.br\/2025\/wp-json\/wp\/v2\/pages\/23"}],"wp:featuredmedia":[{"embeddable":true,"href":"https:\/\/coccem.org.br\/2025\/wp-json\/wp\/v2\/media\/3568"}],"wp:attachment":[{"href":"https:\/\/coccem.org.br\/2025\/wp-json\/wp\/v2\/media?parent=157"}],"curies":[{"name":"wp","href":"https:\/\/api.w.org\/{rel}","templated":true}]}}