{"id":135,"date":"2016-03-31T14:21:06","date_gmt":"2016-03-31T14:21:06","guid":{"rendered":"http:\/\/localhost:8080\/?page_id=2"},"modified":"2025-05-22T19:18:22","modified_gmt":"2025-05-22T19:18:22","slug":"home","status":"publish","type":"page","link":"https:\/\/coccem.org.br\/2025\/","title":{"rendered":"9\u00ba Congresso Carioca e<br\/>Capixaba de Educa\u00e7\u00e3o M\u00e9dica"},"content":{"rendered":"<h4 style=\"text-align: center;\"><strong>AVISOS IMPORTANTES:<br \/><br \/><\/strong><\/h4>\n<p>\u00a0<\/p>\n<p style=\"text-align: center;\"><strong>&#8211; CERTIFICADOS LIBERADOS<\/strong><br \/><span style=\"color: #0000ff;\"><a style=\"color: #0000ff;\" href=\"https:\/\/coccem.org.br\/2025\/certificados\/\">(clique aqui para mais informa\u00e7\u00f5es)<\/a><br \/><br \/><\/span><\/p>\n<hr \/>\n<p style=\"text-align: center;\"><img loading=\"lazy\" decoding=\"async\" class=\"aligncenter wp-image-3843\" src=\"https:\/\/coccem.org.br\/2025\/wp-content\/uploads\/2025\/04\/9coccem_inscricoes_esgotadas.jpeg\" alt=\"\" width=\"300\" height=\"375\" \/><\/p>\n<h4>\u00a0<\/h4>\n<hr \/>\n<h4 style=\"text-align: center;\"><span style=\"color: #000000;\"><strong>Seja bem-vindo!<br \/><br \/><\/strong><\/span><\/h4>\n<p>\u00a0<\/p>\n<p>Convidamos a todas e todos para o 9\u00ba Congresso Carioca e Capixaba de Educa\u00e7\u00e3o M\u00e9dica (COCCEM), que ter\u00e1 como tema central <strong>Expans\u00e3o da Educa\u00e7\u00e3o M\u00e9dica: Potencialidades da Interioriza\u00e7\u00e3o<\/strong> e ser\u00e1 organizado a partir dos eixos:<br \/><br \/><\/p>\n<p><strong>&#8211; Eixo 1:<\/strong> Forma\u00e7\u00e3o Profissional: Perfil do egresso e fixa\u00e7\u00e3o no interior.<\/p>\n<p><strong style=\"font-size: revert; color: initial;\">&#8211; Eixo 2:<\/strong><span style=\"font-size: revert; color: initial;\"> Qualidade da Educa\u00e7\u00e3o M\u00e9dica: Pr\u00e1ticas pedag\u00f3gicas e desenvolvimento de docentes.<\/span><\/p>\n<p><strong style=\"font-size: revert; color: initial;\">&#8211; Eixo 3:<\/strong><span style=\"font-size: revert; color: initial;\"><span style=\"font-size: revert; color: initial;\"> Responsabilidade social e equidade: Curriculariza\u00e7\u00e3o da extens\u00e3o.<br \/><br \/><\/span><\/span><\/p>\n<p>Pela primeira vez em Campos dos Goytacazes\/RJ, conectando cariocas e capixabas, o evento ocorrer\u00e1 entre os dias 10 a 12 de abril de 2025 na Faculdade de Medicina de Campos.<br \/><br \/><\/p>\n<p>J\u00e1 encaramos o desafio da implementa\u00e7\u00e3o, mas quais as potencialidades tiramos desse processo? A interioriza\u00e7\u00e3o \u00e9 uma estrat\u00e9gia de integra\u00e7\u00e3o social, econ\u00f4mica, cultural e de saberes. Participe do Congresso e traga suas contribui\u00e7\u00f5es para o processo. Esperamos voc\u00eas em Campos dos Goytacazes<\/p>\n<hr \/>\n<h4 style=\"text-align: center;\"><strong>INFORMA\u00c7\u00d5ES GERAIS:<\/strong><\/h4>\n<p>\u00a0<\/p>\n<p><strong>Local do Evento:<\/strong><br \/>FMC | Av. Alberto Torres, 217 &#8211; Centro, Campos dos Goytacazes &#8211; RJ, 28035-581<br \/><br \/><\/p>\n<p><strong>Data do Evento:<\/strong><br \/>De 10 a 12 de abril de 2025<\/p>\n<hr \/>\n<h4 style=\"text-align: center;\"><strong><br \/>REALIZA\u00c7\u00c3O:<\/strong><\/h4>\n<p style=\"text-align: center;\"><img loading=\"lazy\" decoding=\"async\" class=\"aligncenter wp-image-3869\" src=\"https:\/\/coccem.org.br\/2025\/wp-content\/uploads\/2025\/04\/9Coccem_Realizacao_v2.png\" alt=\"\" width=\"900\" height=\"191\" \/><\/p>\n<hr \/>\n<h4 style=\"text-align: center;\"><strong>PATROCINADORES<\/strong><\/h4>\n<p style=\"text-align: center;\">DIAMANTE:<\/p>\n<p style=\"text-align: center;\"><img loading=\"lazy\" decoding=\"async\" class=\"aligncenter wp-image-3817\" src=\"https:\/\/coccem.org.br\/2025\/wp-content\/uploads\/2025\/03\/9coccem_patrocinadores_diamante_v2.png\" alt=\"\" width=\"800\" height=\"486\" \/><\/p>\n<hr \/>\n<p style=\"text-align: center;\">OURO:<br \/><img loading=\"lazy\" decoding=\"async\" class=\"aligncenter wp-image-3829\" src=\"https:\/\/coccem.org.br\/2025\/wp-content\/uploads\/2025\/03\/9COCCEM_Patrocinadores_ouro_v2.png\" alt=\"\" width=\"800\" height=\"271\" \/><\/p>\n<hr \/>\n<p style=\"text-align: center;\">APOIO:<\/p>\n<p style=\"text-align: center;\"><img loading=\"lazy\" decoding=\"async\" class=\"aligncenter wp-image-3865\" src=\"https:\/\/coccem.org.br\/2025\/wp-content\/uploads\/2025\/04\/9COCCEM_Apoio_v4.png\" alt=\"\" width=\"650\" height=\"89\" \/><\/p>\n<hr \/>\n<p style=\"text-align: center;\">\u00a0<\/p>\n\n\n<p><\/p>\n","protected":false},"excerpt":{"rendered":"AVISOS IMPORTANTES: \u00a0 &#8211; CERTIFICADOS LIBERADOS(clique aqui para mais informa\u00e7\u00f5es) \u00a0 Seja bem-vindo! \u00a0 Convidamos a todas e todos para o 9\u00ba Congresso Carioca e Capixaba de Educa\u00e7\u00e3o M\u00e9dica (COCCEM), que ter\u00e1 como tema central Expans\u00e3o da Educa\u00e7\u00e3o M\u00e9dica: Potencialidades da Interioriza\u00e7\u00e3o e ser\u00e1 organizado a partir dos eixos: &#8211; Eixo 1: Forma\u00e7\u00e3o Profissional: Perfil&#8230; <a class=\"view-article\" href=\"https:\/\/coccem.org.br\/2025\/\">Ver artigo<\/a>","protected":false},"author":2,"featured_media":3568,"parent":0,"menu_order":1,"comment_status":"closed","ping_status":"closed","template":"template_home.php","meta":{"_acf_changed":false,"footnotes":""},"class_list":["post-135","page","type-page","status-publish","has-post-thumbnail","hentry"],"acf":[],"_links":{"self":[{"href":"https:\/\/coccem.org.br\/2025\/wp-json\/wp\/v2\/pages\/135","targetHints":{"allow":["GET"]}}],"collection":[{"href":"https:\/\/coccem.org.br\/2025\/wp-json\/wp\/v2\/pages"}],"about":[{"href":"https:\/\/coccem.org.br\/2025\/wp-json\/wp\/v2\/types\/page"}],"author":[{"embeddable":true,"href":"https:\/\/coccem.org.br\/2025\/wp-json\/wp\/v2\/users\/2"}],"replies":[{"embeddable":true,"href":"https:\/\/coccem.org.br\/2025\/wp-json\/wp\/v2\/comments?post=135"}],"version-history":[{"count":10,"href":"https:\/\/coccem.org.br\/2025\/wp-json\/wp\/v2\/pages\/135\/revisions"}],"predecessor-version":[{"id":3914,"href":"https:\/\/coccem.org.br\/2025\/wp-json\/wp\/v2\/pages\/135\/revisions\/3914"}],"wp:featuredmedia":[{"embeddable":true,"href":"https:\/\/coccem.org.br\/2025\/wp-json\/wp\/v2\/media\/3568"}],"wp:attachment":[{"href":"https:\/\/coccem.org.br\/2025\/wp-json\/wp\/v2\/media?parent=135"}],"curies":[{"name":"wp","href":"https:\/\/api.w.org\/{rel}","templated":true}]}}