{"id":478,"date":"2016-07-13T13:29:32","date_gmt":"2016-07-13T13:29:32","guid":{"rendered":"http:\/\/cobem.com.br\/2016\/?page_id=478"},"modified":"2023-04-05T22:50:40","modified_gmt":"2023-04-05T22:50:40","slug":"o-evento","status":"publish","type":"page","link":"https:\/\/coccem.org.br\/2023\/o-congresso\/o-evento\/","title":{"rendered":"Sobre o Evento"},"content":{"rendered":"<p><span style=\"color: #000000;\">Estamos apresentando o pr\u00f3ximo Congresso Carioca Capixaba de Educa\u00e7\u00e3o M\u00e9dica \u2013 COCCEM. Em sua oitava edi\u00e7\u00e3o, ocorrer\u00e1 em Vit\u00f3ria, que ser\u00e1 a capital da Educa\u00e7\u00e3o M\u00e9dica na nossa Regional. Hospedado na MULTIVIX, campus de Vit\u00f3ria, institui\u00e7\u00e3o que acolheu a ABEM no esp\u00edrito solid\u00e1rio e colaborativo que caracteriza o melhor dos nossos associados, o Congresso ocorrer\u00e1 no seu Campus Universit\u00e1rio, que se apresenta moderno e acolhedor, onde o afeto dos encontros ser\u00e1 nossa energia para expressarmos nosso compromisso com a sociedade.<\/span><\/p>\n<p>&nbsp;<\/p>\n<p><span style=\"color: #000000;\">Nesse sentido, definimos o tema central para este congresso: O Cuidado Integral e a Responsabilidade Social, Caminhos para a Forma\u00e7\u00e3o M\u00e9dica Cidad\u00e3, j\u00e1 definido na nossa forma tradicional de trabalhar: constru\u00e7\u00e3o colaborativa, inclusiva, contemplando e acolhendo a todos. Todas as Escolas M\u00e9dicas do Esp\u00edrito Santo est\u00e3o representadas na organiza\u00e7\u00e3o deste evento. As Escolas M\u00e9dicas do Rio de Janeiro tamb\u00e9m t\u00eam se inclu\u00eddo no grupo de trabalho.<\/span><\/p>\n<p>&nbsp;<\/p>\n<p><span style=\"color: #000000;\">O evento j\u00e1 tem data definida: dias 02, 03 e 04 de junho de 2023. Nossa grade cient\u00edfica est\u00e1 em elabora\u00e7\u00e3o, contemplando a tempestade de ideias trazida pelas sucessivas reuni\u00f5es dos nossos Delegados e as reuni\u00f5es com as Escolas M\u00e9dicas e seus Centros Acad\u00eamicos. Estamos trabalhando no nosso modelo participativo de constru\u00e7\u00e3o.<\/span><\/p>\n<p>&nbsp;<\/p>\n<p><span style=\"color: #000000;\">Para al\u00e9m da nossa tradi\u00e7\u00e3o na constru\u00e7\u00e3o do Congresso Regional, trabalhando como pares entre os diversos atores das comunidades universit\u00e1rias, estamos construindo nossa organiza\u00e7\u00e3o deste evento chamando o CONASS, o CONASEMS e o Controle Social para trazerem suas demandas e dando materialidade aos marcos jur\u00eddicos que colocam o SUS como ordenador da forma\u00e7\u00e3o de recursos humanos para a sa\u00fade. Que essa experi\u00eancia inovadora, que esperamos que seja prof\u00edcua, seja tamb\u00e9m nosso novo padr\u00e3o de pensarmos a educa\u00e7\u00e3o m\u00e9dica para atender as necessidades da sociedade e nossas oportunidades de construirmos juntos com a sociedade a melhor aten\u00e7\u00e3o \u00e0 sa\u00fade.<\/span><\/p>\n<p>&nbsp;<\/p>\n<p><span style=\"color: #000000;\">O congresso n\u00e3o se destina a si mesmo, mas a toda a sociedade. Nosso trabalho s\u00f3 ganha sentido com a sua participa\u00e7\u00e3o ativa. Mais do que com a sua presen\u00e7a, com a sua contribui\u00e7\u00e3o nos debates, que ser\u00e3o assegurados, explicitando a riqueza da nossa pluralidade fraterna e repleta de afetos. O acesso \u00e0 sa\u00fade de qualidade \u00e9 o mais potente redutor das desigualdades sociais e assim forte indutor da democracia.<\/span><\/p>\n<hr>\n<p>&nbsp;<\/p>\n<p><strong>Local do Evento:<\/strong><br \/>\nMULTIVIX | Rua Jos\u00e9 Alves, 301 &#8211; Goiabeiras, Vit\u00f3ria &#8211; ES, 29075-080<\/p>\n<p><strong>Data do Evento:<\/strong><br \/>\nDe 02 a 04 de junho de 2023<\/p>\n","protected":false},"excerpt":{"rendered":"Estamos apresentando o pr\u00f3ximo Congresso Carioca Capixaba de Educa\u00e7\u00e3o M\u00e9dica \u2013 COCCEM. Em sua oitava edi\u00e7\u00e3o, ocorrer\u00e1 em Vit\u00f3ria, que ser\u00e1 a capital da Educa\u00e7\u00e3o M\u00e9dica na nossa Regional. Hospedado na MULTIVIX, campus de Vit\u00f3ria, institui\u00e7\u00e3o que acolheu a ABEM no esp\u00edrito solid\u00e1rio e colaborativo que caracteriza o melhor dos nossos associados, o Congresso ocorrer\u00e1&#8230; <a class=\"view-article\" href=\"https:\/\/coccem.org.br\/2023\/o-congresso\/o-evento\/\">Ver artigo<\/a>","protected":false},"author":2,"featured_media":3556,"parent":23,"menu_order":1,"comment_status":"closed","ping_status":"closed","template":"template_institutional.php","meta":[],"acf":[],"_links":{"self":[{"href":"https:\/\/coccem.org.br\/2023\/wp-json\/wp\/v2\/pages\/478"}],"collection":[{"href":"https:\/\/coccem.org.br\/2023\/wp-json\/wp\/v2\/pages"}],"about":[{"href":"https:\/\/coccem.org.br\/2023\/wp-json\/wp\/v2\/types\/page"}],"author":[{"embeddable":true,"href":"https:\/\/coccem.org.br\/2023\/wp-json\/wp\/v2\/users\/2"}],"replies":[{"embeddable":true,"href":"https:\/\/coccem.org.br\/2023\/wp-json\/wp\/v2\/comments?post=478"}],"version-history":[{"count":9,"href":"https:\/\/coccem.org.br\/2023\/wp-json\/wp\/v2\/pages\/478\/revisions"}],"predecessor-version":[{"id":3825,"href":"https:\/\/coccem.org.br\/2023\/wp-json\/wp\/v2\/pages\/478\/revisions\/3825"}],"up":[{"embeddable":true,"href":"https:\/\/coccem.org.br\/2023\/wp-json\/wp\/v2\/pages\/23"}],"wp:featuredmedia":[{"embeddable":true,"href":"https:\/\/coccem.org.br\/2023\/wp-json\/wp\/v2\/media\/3556"}],"wp:attachment":[{"href":"https:\/\/coccem.org.br\/2023\/wp-json\/wp\/v2\/media?parent=478"}],"curies":[{"name":"wp","href":"https:\/\/api.w.org\/{rel}","templated":true}]}}