{"id":159,"date":"2016-04-15T04:31:33","date_gmt":"2016-04-15T04:31:33","guid":{"rendered":"http:\/\/cobem.com.br\/2016\/?page_id=159"},"modified":"2023-03-09T22:44:52","modified_gmt":"2023-03-09T22:44:52","slug":"temario","status":"publish","type":"page","link":"https:\/\/coccem.org.br\/2023\/o-congresso\/temario\/","title":{"rendered":"Tem\u00e1rio"},"content":{"rendered":"<h4 style=\"text-align: center;\"><span style=\"color: #000000;\"><strong>Tema Central:<br>\u201cO Cuidado Integral e a Responsabilidade Social, Caminhos para a Forma\u00e7\u00e3o M\u00e9dica Cidad\u00e3\u201d<\/strong><\/span><\/h4>\n<hr>\n<p style=\"text-align: left;\"><span style=\"color: #000000;\"><strong><br>EIXO 1:<\/strong><br><strong>Cuidado integral como estruturante da forma\u00e7\u00e3o m\u00e9dica cidad\u00e3<\/strong><\/span><\/p>\n<p style=\"text-align: left;\">\u2022 Sa\u00fade Mental do Estudante de Medicina<br>\u2022 Forma\u00e7\u00e3o Cidad\u00e3 e o Curr\u00edculo das Escolas M\u00e9dicas<br>\u2022 O ensino da \u00c9tica e Profissionalismo: por onde temos caminhado?<\/p>\n<p style=\"text-align: left;\"><span style=\"color: #000000;\"><br><strong>EIXO 2:<\/strong><br><strong>Desenvolvimento de educadores como potencializador da forma\u00e7\u00e3o m\u00e9dica cidad\u00e3<\/strong><\/span><\/p>\n<p style=\"text-align: left;\"><span style=\"color: #000000;\">\u2022 Concep\u00e7\u00f5es Pedag\u00f3gicas: o olhar para al\u00e9m de Metodologias Ativas<br>\u2022 Teste de Progresso: Construindo avalia\u00e7\u00f5es comprometidas com a forma\u00e7\u00e3o do m\u00e9dico cidad\u00e3o<br>\u2022 Desenvolvimento de Docentes e Preceptores: quem formar\u00e1 os m\u00e9dicos cidad\u00e3os?<strong><br><\/strong><\/span><\/p>\n<p style=\"text-align: left;\"><span style=\"color: #000000;\"><br><strong>EIXO 3:<\/strong><br><strong>Responsabilidade social e o SUS como ordenador da forma\u00e7\u00e3o m\u00e9dica cidad\u00e3<\/strong><\/span><\/p>\n<p>\u2022 Curriculariza\u00e7\u00e3o da Extens\u00e3o: desafios de organiza\u00e7\u00e3o e constru\u00e7\u00e3o<\/p>\n<p>\u2022 Regula\u00e7\u00e3o de abertura de cursos de Medicina: onde estamos parados?<\/p>\n<p>\u2022 Construindo caminhos para uma resid\u00eancia ordenada pelo SUS e com responsabilidade social<\/p>\n<p>\u2022 A Academia, os Movimentos Populares e os Conselhos Sociais: fortalecendo rela\u00e7\u00f5es para forma\u00e7\u00e3o de m\u00e9dicos cidad\u00e3<\/p>\n<p>&nbsp;<\/p>\n<p>&nbsp;<\/p>\n<p>&nbsp;<\/p>\n<p>&nbsp;<\/p>\n<p>&nbsp;<\/p>\n\n\n<p><\/p>\n","protected":false},"excerpt":{"rendered":"Tema Central:\u201cO Cuidado Integral e a Responsabilidade Social, Caminhos para a Forma\u00e7\u00e3o M\u00e9dica Cidad\u00e3\u201d EIXO 1:Cuidado integral como estruturante da forma\u00e7\u00e3o m\u00e9dica cidad\u00e3 \u2022 Sa\u00fade Mental do Estudante de Medicina\u2022 Forma\u00e7\u00e3o Cidad\u00e3 e o Curr\u00edculo das Escolas M\u00e9dicas\u2022 O ensino da \u00c9tica e Profissionalismo: por onde temos caminhado? EIXO 2:Desenvolvimento de educadores como potencializador da&#8230; <a class=\"view-article\" href=\"https:\/\/coccem.org.br\/2023\/o-congresso\/temario\/\">Ver artigo<\/a>","protected":false},"author":2,"featured_media":3556,"parent":23,"menu_order":3,"comment_status":"closed","ping_status":"closed","template":"template_institutional.php","meta":[],"acf":[],"_links":{"self":[{"href":"https:\/\/coccem.org.br\/2023\/wp-json\/wp\/v2\/pages\/159"}],"collection":[{"href":"https:\/\/coccem.org.br\/2023\/wp-json\/wp\/v2\/pages"}],"about":[{"href":"https:\/\/coccem.org.br\/2023\/wp-json\/wp\/v2\/types\/page"}],"author":[{"embeddable":true,"href":"https:\/\/coccem.org.br\/2023\/wp-json\/wp\/v2\/users\/2"}],"replies":[{"embeddable":true,"href":"https:\/\/coccem.org.br\/2023\/wp-json\/wp\/v2\/comments?post=159"}],"version-history":[{"count":9,"href":"https:\/\/coccem.org.br\/2023\/wp-json\/wp\/v2\/pages\/159\/revisions"}],"predecessor-version":[{"id":3775,"href":"https:\/\/coccem.org.br\/2023\/wp-json\/wp\/v2\/pages\/159\/revisions\/3775"}],"up":[{"embeddable":true,"href":"https:\/\/coccem.org.br\/2023\/wp-json\/wp\/v2\/pages\/23"}],"wp:featuredmedia":[{"embeddable":true,"href":"https:\/\/coccem.org.br\/2023\/wp-json\/wp\/v2\/media\/3556"}],"wp:attachment":[{"href":"https:\/\/coccem.org.br\/2023\/wp-json\/wp\/v2\/media?parent=159"}],"curies":[{"name":"wp","href":"https:\/\/api.w.org\/{rel}","templated":true}]}}